{"id":2656,"date":"2024-02-02T10:28:54","date_gmt":"2024-02-02T10:28:54","guid":{"rendered":"https:\/\/visitdailytours.com\/politique-dannulation"},"modified":"2024-06-07T11:22:06","modified_gmt":"2024-06-07T11:22:06","slug":"politique-dannulation","status":"publish","type":"page","link":"https:\/\/visitdailytours.com\/fr\/politique-dannulation","title":{"rendered":"Politique d&rsquo;annulation"},"content":{"rendered":"\t\t<div data-elementor-type=\"wp-page\" data-elementor-id=\"2656\" class=\"elementor elementor-2656 elementor-2615\">\n\t\t\t\t\t\t<section class=\"elementor-section elementor-top-section elementor-element elementor-element-78a38999 elementor-section-boxed elementor-section-height-default elementor-section-height-default\" data-id=\"78a38999\" data-element_type=\"section\" data-settings=\"{&quot;background_background&quot;:&quot;classic&quot;}\">\n\t\t\t\t\t\t\t<div class=\"elementor-background-overlay\"><\/div>\n\t\t\t\t\t\t\t<div class=\"elementor-container elementor-column-gap-default\">\n\t\t\t\t\t<div class=\"elementor-column elementor-col-100 elementor-top-column elementor-element elementor-element-485988b7\" data-id=\"485988b7\" data-element_type=\"column\">\n\t\t\t<div class=\"elementor-widget-wrap elementor-element-populated\">\n\t\t\t\t\t\t<section class=\"elementor-section elementor-inner-section elementor-element elementor-element-28ef1184 elementor-section-boxed elementor-section-height-default elementor-section-height-default\" data-id=\"28ef1184\" data-element_type=\"section\">\n\t\t\t\t\t\t<div class=\"elementor-container elementor-column-gap-default\">\n\t\t\t\t\t<div class=\"elementor-column elementor-col-100 elementor-inner-column elementor-element elementor-element-6b5ed3e\" data-id=\"6b5ed3e\" data-element_type=\"column\" data-settings=\"{&quot;background_background&quot;:&quot;classic&quot;}\">\n\t\t\t<div class=\"elementor-widget-wrap elementor-element-populated\">\n\t\t\t\t\t\t<div class=\"elementor-element elementor-element-415f15e4 elementor-widget elementor-widget-heading\" data-id=\"415f15e4\" data-element_type=\"widget\" data-widget_type=\"heading.default\">\n\t\t\t\t<div class=\"elementor-widget-container\">\n\t\t\t\t\t<h2 class=\"elementor-heading-title elementor-size-default\">Politique d'annulation<\/h2>\t\t\t\t<\/div>\n\t\t\t\t<\/div>\n\t\t\t\t<div class=\"elementor-element elementor-element-d6fb753 elementor-widget-divider--view-line_text elementor-widget-divider--element-align-center elementor-widget elementor-widget-divider\" data-id=\"d6fb753\" data-element_type=\"widget\" data-widget_type=\"divider.default\">\n\t\t\t\t<div class=\"elementor-widget-container\">\n\t\t\t\t\t\t\t<div class=\"elementor-divider\">\n\t\t\t<span class=\"elementor-divider-separator\">\n\t\t\t\t\t\t<\/span>\n\t\t<\/div>\n\t\t\t\t\t\t<\/div>\n\t\t\t\t<\/div>\n\t\t\t\t\t<\/div>\n\t\t<\/div>\n\t\t\t\t\t<\/div>\n\t\t<\/section>\n\t\t\t\t\t<\/div>\n\t\t<\/div>\n\t\t\t\t\t<\/div>\n\t\t<\/section>\n\t\t\t\t<section class=\"elementor-section elementor-top-section elementor-element elementor-element-dc14bbc elementor-section-boxed elementor-section-height-default elementor-section-height-default\" data-id=\"dc14bbc\" data-element_type=\"section\">\n\t\t\t\t\t\t<div class=\"elementor-container elementor-column-gap-default\">\n\t\t\t\t\t<div class=\"elementor-column elementor-col-100 elementor-top-column elementor-element elementor-element-8e83202\" data-id=\"8e83202\" data-element_type=\"column\">\n\t\t\t<div class=\"elementor-widget-wrap elementor-element-populated\">\n\t\t\t\t\t\t<div class=\"elementor-element elementor-element-f92e6be elementor-widget elementor-widget-text-editor\" data-id=\"f92e6be\" data-element_type=\"widget\" data-widget_type=\"text-editor.default\">\n\t\t\t\t<div class=\"elementor-widget-container\">\n\t\t\t\t\t\t\t\t\t<p style=\"text-align: left;\">CONDITIONS G\u00c9N\u00c9RALES.<br \/>Organis\u00e9 par C.I.AN-29256-3 &#8211; VIAJES EUROAMERICA S.A. NOM COMMERCIAL VDT<br \/>1\u00b0 Aux fins de la r\u00e9glementation applicable, seules les excursions d&rsquo;une dur\u00e9e maximale de vingt-quatre heures ou d&rsquo;une journ\u00e9e sont consid\u00e9r\u00e9es comme des excursions.<br \/>qui ne comprennent pas de nuit\u00e9e, propos\u00e9e par l&rsquo;agence ou planifi\u00e9e \u00e0 la demande de l&rsquo;utilisateur, pour un prix forfaitaire.<br \/>2\u00b0 Les excursions organis\u00e9es par Viajes Euroamerica s.a. sont soumises aux pr\u00e9sentes conditions g\u00e9n\u00e9rales, ainsi qu&rsquo;\u00e0 l&rsquo;accord de l&rsquo;organisateur.<br \/>D\u00e9cret 301\/2002, du 17 d\u00e9cembre 2002, sur les agences de voyage et les centrales de r\u00e9servation, du minist\u00e8re r\u00e9gional du commerce, du tourisme et du tourisme.<br \/>Sports de la Junta de Andaluc\u00eda (Boja n\u00ba 150, 21 d\u00e9cembre), et autres dispositions applicables.<br \/>3\u00b0 Les visites et excursions incluses dans ce programme comprennent le transport en autocar, les droits d&rsquo;entr\u00e9e dans les monuments, et l&rsquo;acc\u00e8s \u00e0 l&rsquo;h\u00f4tel.<br \/>les services de guides. Aucun suppl\u00e9ment de quelque nature que ce soit n&rsquo;est inclus.<br \/>4\u00b0 Les prix, les horaires et les itin\u00e9raires du programme peuvent \u00eatre modifi\u00e9s par l&rsquo;organisateur si les circonstances l&rsquo;exigent, dans les cas suivants<br \/>Dans ce cas, les clients peuvent choisir d&rsquo;accepter les modifications, dont ils seront inform\u00e9s avant le d\u00e9but de l&rsquo;op\u00e9ration.<br \/>ou demander un remboursement partiel.<br \/>5\u00b0 Une fois la visite ou l&rsquo;excursion commenc\u00e9e, tous les participants doivent accepter et respecter les instructions de l&rsquo;autorit\u00e9 comp\u00e9tente.<br \/>(guide), qui est suffisamment habilit\u00e9 \u00e0 apporter les modifications \u00e9ventuellement requises ou recommand\u00e9es par la<br \/>circonstances. L&rsquo;abandon ou la s\u00e9paration du groupe au cours de l&rsquo;excursion, pour des raisons non imputables \u00e0 l&rsquo;Organisation, implique la responsabilit\u00e9 de l&rsquo;organisateur.<br \/>la d\u00e9ch\u00e9ance de tout ou partie de la demande d&rsquo;indemnisation.<br \/>6\u00b0 Dans le cas de voyages en groupe, c&rsquo;est-\u00e0-dire de plus de dix touristes, et pendant toute la dur\u00e9e du voyage, les clients doivent<br \/>disposent d&rsquo;une ou plusieurs personnes qualifi\u00e9es pour les assister et les conseiller, et ces fonctions ne peuvent \u00eatre exerc\u00e9es par la Commission europ\u00e9enne.<br \/>les conducteurs de moyens de transport. Lorsque les excursions comprennent des visites aux mus\u00e9es ou aux biens \u00e9num\u00e9r\u00e9s dans le catalogue<br \/>General de Patrimonio Hist\u00f3rico Andaluz, les clients recevront le service d&rsquo;information sur les questions culturelles, artistiques et historiques,<br \/>L&rsquo;information naturelle et g\u00e9ographique sur ces biens par les guides touristiques andalous, conform\u00e9ment au champ d&rsquo;application g\u00e9ographique de leur autorisation.<br \/>7\u00b0 DOCUMENTATION : carte d&rsquo;identit\u00e9 et passeport, en tant que document personnel, la responsabilit\u00e9 de sa possession,<br \/>Le voyageur est responsable de cette responsabilit\u00e9, ainsi que de sa mise en ordre. L&rsquo;organisateur conseillera et informera gratuitement.<br \/>financi\u00e8rement et sans responsabilit\u00e9 d&rsquo;aucune sorte. Si, pour une raison quelconque ind\u00e9pendante de la volont\u00e9 de l&rsquo;Organisateur, le voyageur doit \u00eatre<br \/>Si l&rsquo;entr\u00e9e dans un pays est refus\u00e9e en raison de l&rsquo;absence d&rsquo;exigences l\u00e9gales, l&rsquo;Organisateur d\u00e9cline toute responsabilit\u00e9, celle-ci \u00e9tant \u00e0 la charge de l&rsquo;Organisateur.<br \/>Les frais encourus sont \u00e0 la charge du passager, auquel cas les conditions pr\u00e9vues pour les annulations ou les d\u00e9sistements s&rsquo;appliquent.<br \/>le retrait volontaire des services.<br \/>8\u00b0 ANNULATIONS : Chaque service contractuel a ses propres conditions d&rsquo;annulation. La plupart d&rsquo;entre eux permettent \u00e0 l<br \/>L&rsquo;utilisateur peut exercer son droit de r\u00e9tractation \u00e0 partir du moment o\u00f9 il effectue la r\u00e9servation et jusqu&rsquo;\u00e0 24 heures avant la r\u00e9servation.<br \/>Il est important de garder \u00e0 l&rsquo;esprit que, pass\u00e9 ce d\u00e9lai, la politique d&rsquo;annulation sera appliqu\u00e9e avec un pr\u00e9avis de moins de 24 heures, et qu&rsquo;il ne sera pas possible de rembourser le montant pay\u00e9 ou de demander des modifications du service. Le fait de ne pas se pr\u00e9senter le jour et \u00e0 l&rsquo;heure pr\u00e9vus dans le service contract\u00e9 sera consid\u00e9r\u00e9 \u00e0 toutes fins utiles comme une annulation du service \u00ab\u00a0in situ\u00a0\u00bb et, par cons\u00e9quent, la politique d&rsquo;annulation sera appliqu\u00e9e avec un pr\u00e9avis de moins de 24 heures. Grenade 100% des co\u00fbts \u00e0 partir du moment o\u00f9 la r\u00e9servation est formalis\u00e9e et\/ou les billets de l&rsquo;Alhambra sont achet\u00e9s.<\/p>\n<p style=\"text-align: left;\">L&rsquo;Agence peut facturer des frais accessoires d\u00fbment justifi\u00e9s et le b\u00e9n\u00e9fice de l&rsquo;Agence, en toute l\u00e9galit\u00e9.<br \/>autoris\u00e9.<br \/>Dans des cas exceptionnels, Viajes Euroam\u00e9rica peut envisager de rembourser le montant de l&rsquo;achat dans les cas suivants :<br \/>De graves interruptions de service dues \u00e0 des perturbations du trafic.<br \/>Les \u00e9checs av\u00e9r\u00e9s de notre syst\u00e8me.<br \/>Annulation du voyage en raison de catastrophes naturelles emp\u00eachant le voyage pendant la p\u00e9riode d&rsquo;achat.<br \/>9\u00b0 Une fois le voyage commenc\u00e9, les services non utilis\u00e9s ne sont pas rembours\u00e9s. l&rsquo;Organisation d\u00e9cline toute responsabilit\u00e9<br \/>pour les retards \u00e9ventuels dans les services maritimes et pour les frais suppl\u00e9mentaires qui ne sont pas inclus dans le programme,<br \/>organis\u00e9e, par raison, dans toutes les excursions soutenues par ce service.<br \/>10\u00b0 Pour le bon d\u00e9roulement des excursions, nous demandons \u00e0 nos clients de se pr\u00e9senter au point de d\u00e9part 10 minutes avant le d\u00e9but de l&rsquo;excursion.<br \/>du d\u00e9part de chaque voyage. L&rsquo;inscription \u00e0 ces excursions est cl\u00f4tur\u00e9e la veille du voyage.<br \/>La T.V.A. de 11\u00b0 est incluse dans les prix publi\u00e9s.<br \/>12e programme valable \u00e0 partir du 1er janvier 2021<\/p>\n\t\t\t\t\t\t\t\t<\/div>\n\t\t\t\t<\/div>\n\t\t\t\t\t<\/div>\n\t\t<\/div>\n\t\t\t\t\t<\/div>\n\t\t<\/section>\n\t\t\t\t<\/div>\n\t\t","protected":false},"excerpt":{"rendered":"<p>Politique d&rsquo;annulation CONDITIONS G\u00c9N\u00c9RALES.Organis\u00e9 par C.I.AN-29256-3 &#8211; VIAJES EUROAMERICA S.A. NOM COMMERCIAL VDT1\u00b0 Aux fins de la r\u00e9glementation applicable, seules les excursions d&rsquo;une dur\u00e9e maximale de vingt-quatre heures ou d&rsquo;une journ\u00e9e sont consid\u00e9r\u00e9es comme des excursions.qui ne comprennent pas de nuit\u00e9e, propos\u00e9e par l&rsquo;agence ou planifi\u00e9e \u00e0 la demande de l&rsquo;utilisateur, pour un prix forfaitaire.2\u00b0 [&hellip;]<\/p>\n","protected":false},"author":5,"featured_media":0,"parent":0,"menu_order":0,"comment_status":"closed","ping_status":"closed","template":"elementor_canvas","meta":{"om_disable_all_campaigns":false,"_monsterinsights_skip_tracking":false,"_monsterinsights_sitenote_active":false,"_monsterinsights_sitenote_note":"","_monsterinsights_sitenote_category":0,"footnotes":""},"class_list":["post-2656","page","type-page","status-publish","hentry"],"aioseo_notices":[],"_links":{"self":[{"href":"https:\/\/visitdailytours.com\/fr\/wp-json\/wp\/v2\/pages\/2656","targetHints":{"allow":["GET"]}}],"collection":[{"href":"https:\/\/visitdailytours.com\/fr\/wp-json\/wp\/v2\/pages"}],"about":[{"href":"https:\/\/visitdailytours.com\/fr\/wp-json\/wp\/v2\/types\/page"}],"author":[{"embeddable":true,"href":"https:\/\/visitdailytours.com\/fr\/wp-json\/wp\/v2\/users\/5"}],"replies":[{"embeddable":true,"href":"https:\/\/visitdailytours.com\/fr\/wp-json\/wp\/v2\/comments?post=2656"}],"version-history":[{"count":10,"href":"https:\/\/visitdailytours.com\/fr\/wp-json\/wp\/v2\/pages\/2656\/revisions"}],"predecessor-version":[{"id":2972,"href":"https:\/\/visitdailytours.com\/fr\/wp-json\/wp\/v2\/pages\/2656\/revisions\/2972"}],"wp:attachment":[{"href":"https:\/\/visitdailytours.com\/fr\/wp-json\/wp\/v2\/media?parent=2656"}],"curies":[{"name":"wp","href":"https:\/\/api.w.org\/{rel}","templated":true}]}}