{"id":2414,"date":"2021-03-30T11:25:57","date_gmt":"2021-03-30T11:25:57","guid":{"rendered":"https:\/\/visitdailytours.com\/avis-juridique"},"modified":"2026-04-24T10:08:31","modified_gmt":"2026-04-24T10:08:31","slug":"avis-juridique","status":"publish","type":"page","link":"https:\/\/visitdailytours.com\/fr\/avis-juridique","title":{"rendered":"Avis juridique"},"content":{"rendered":"\t\t<div data-elementor-type=\"wp-page\" data-elementor-id=\"2414\" class=\"elementor elementor-2414 elementor-1510\">\n\t\t\t\t\t\t<section class=\"elementor-section elementor-top-section elementor-element elementor-element-0dc3275 elementor-section-boxed elementor-section-height-default elementor-section-height-default\" data-id=\"0dc3275\" data-element_type=\"section\" data-settings=\"{&quot;background_background&quot;:&quot;classic&quot;}\">\n\t\t\t\t\t\t\t<div class=\"elementor-background-overlay\"><\/div>\n\t\t\t\t\t\t\t<div class=\"elementor-container elementor-column-gap-default\">\n\t\t\t\t\t<div class=\"elementor-column elementor-col-100 elementor-top-column elementor-element elementor-element-febb5d5\" data-id=\"febb5d5\" data-element_type=\"column\">\n\t\t\t<div class=\"elementor-widget-wrap elementor-element-populated\">\n\t\t\t\t\t\t<section class=\"elementor-section elementor-inner-section elementor-element elementor-element-a1977ea elementor-section-boxed elementor-section-height-default elementor-section-height-default\" data-id=\"a1977ea\" data-element_type=\"section\">\n\t\t\t\t\t\t<div class=\"elementor-container elementor-column-gap-default\">\n\t\t\t\t\t<div class=\"elementor-column elementor-col-100 elementor-inner-column elementor-element elementor-element-6851206\" data-id=\"6851206\" data-element_type=\"column\" data-settings=\"{&quot;background_background&quot;:&quot;classic&quot;}\">\n\t\t\t<div class=\"elementor-widget-wrap elementor-element-populated\">\n\t\t\t\t\t\t<div class=\"elementor-element elementor-element-146dc3b elementor-widget elementor-widget-heading\" data-id=\"146dc3b\" data-element_type=\"widget\" data-widget_type=\"heading.default\">\n\t\t\t\t<div class=\"elementor-widget-container\">\n\t\t\t\t\t<h2 class=\"elementor-heading-title elementor-size-default\">Avis juridique<\/h2>\t\t\t\t<\/div>\n\t\t\t\t<\/div>\n\t\t\t\t<div class=\"elementor-element elementor-element-ad96c3a elementor-widget-divider--view-line elementor-widget elementor-widget-divider\" data-id=\"ad96c3a\" data-element_type=\"widget\" data-widget_type=\"divider.default\">\n\t\t\t\t<div class=\"elementor-widget-container\">\n\t\t\t\t\t\t\t<div class=\"elementor-divider\">\n\t\t\t<span class=\"elementor-divider-separator\">\n\t\t\t\t\t\t<\/span>\n\t\t<\/div>\n\t\t\t\t\t\t<\/div>\n\t\t\t\t<\/div>\n\t\t\t\t\t<\/div>\n\t\t<\/div>\n\t\t\t\t\t<\/div>\n\t\t<\/section>\n\t\t\t\t\t<\/div>\n\t\t<\/div>\n\t\t\t\t\t<\/div>\n\t\t<\/section>\n\t\t\t\t<section class=\"elementor-section elementor-top-section elementor-element elementor-element-b42ae5a elementor-section-boxed elementor-section-height-default elementor-section-height-default\" data-id=\"b42ae5a\" data-element_type=\"section\" data-settings=\"{&quot;background_background&quot;:&quot;classic&quot;}\">\n\t\t\t\t\t\t\t<div class=\"elementor-background-overlay\"><\/div>\n\t\t\t\t\t\t\t<div class=\"elementor-container elementor-column-gap-no\">\n\t\t\t\t\t<div class=\"elementor-column elementor-col-100 elementor-top-column elementor-element elementor-element-bdab3b8\" data-id=\"bdab3b8\" data-element_type=\"column\">\n\t\t\t<div class=\"elementor-widget-wrap elementor-element-populated\">\n\t\t\t\t\t\t<section class=\"elementor-section elementor-inner-section elementor-element elementor-element-5eb1faa elementor-section-boxed elementor-section-height-default elementor-section-height-default\" data-id=\"5eb1faa\" data-element_type=\"section\">\n\t\t\t\t\t\t<div class=\"elementor-container elementor-column-gap-default\">\n\t\t\t\t\t<div class=\"elementor-column elementor-col-100 elementor-inner-column elementor-element elementor-element-adf8329\" data-id=\"adf8329\" data-element_type=\"column\">\n\t\t\t<div class=\"elementor-widget-wrap elementor-element-populated\">\n\t\t\t\t\t\t<div class=\"elementor-element elementor-element-622f21c elementor-widget elementor-widget-text-editor\" data-id=\"622f21c\" data-element_type=\"widget\" data-widget_type=\"text-editor.default\">\n\t\t\t\t<div class=\"elementor-widget-container\">\n\t\t\t\t\t\t\t\t\t<p data-start=\"335\" data-end=\"673\"><strong data-start=\"335\" data-end=\"361\">Titular del sitio web:<\/strong><br data-start=\"361\" data-end=\"364\"><em data-start=\"364\" data-end=\"389\">Visites et circuits quotidiens.<\/em><br data-start=\"389\" data-end=\"392\"><strong data-start=\"392\" data-end=\"404\">CIF\/NIF :<\/strong> A79151726<br data-start=\"431\" data-end=\"434\"><strong data-start=\"434\" data-end=\"455\">Si\u00e8ge social :<\/strong> Av. Carlota Alessandri, 110, 29620 Torremolinos (M\u00e1laga), Espagne <br data-start=\"520\" data-end=\"523\"><strong data-start=\"523\" data-end=\"558\">Adresse \u00e9lectronique de contact :<\/strong> <a class=\"cursor-pointer\" rel=\"noopener\" data-start=\"559\" data-end=\"582\">info@vdtexcursiones.com<\/a><br data-start=\"582\" data-end=\"585\"><strong data-start=\"585\" data-end=\"610\">Num\u00e9ro de t\u00e9l\u00e9phone de contact :<\/strong> 952 375 525<br data-start=\"632\" data-end=\"635\"><strong data-start=\"635\" data-end=\"647\">Domaine :<\/strong> <a class=\"\" href=\"http:\/\/www.visitdailytours.com\" target=\"_new\" rel=\"noopener\" data-start=\"648\" data-end=\"671\">www.visitdailytours.com<\/a><\/p><hr data-start=\"675\" data-end=\"678\"><h3 data-start=\"680\" data-end=\"718\">1) Objet et champ d&rsquo;application<\/h3><p data-start=\"719\" data-end=\"1035\">Ce site a pour objet la promotion, la r\u00e9servation et la vente d&rsquo;excursions touristiques g\u00e9r\u00e9es par Viajes Euroam\u00e9rica S.L. En naviguant sur ce site, vous acceptez les conditions qui y sont d\u00e9crites. Cette page regroupe les mentions l\u00e9gales, la politique de confidentialit\u00e9 et l&rsquo;utilisation des cookies conform\u00e9ment \u00e0 la r\u00e9glementation applicable. <\/p><hr data-start=\"1037\" data-end=\"1040\"><h3 data-start=\"1042\" data-end=\"1070\">2. le droit applicable<\/h3><p data-start=\"1071\" data-end=\"1402\">Cette politique est r\u00e9gie par le <strong data-start=\"1100\" data-end=\"1159\">r\u00e8glement g\u00e9n\u00e9ral sur la protection des donn\u00e9es (UE) 2016\/679<\/strong>, la <strong data-start=\"1164\" data-end=\"1187\">loi organique 3\/2018<\/strong> (LOPDGDD) et d&rsquo;autres r\u00e9glementations applicables. Dans le cas des utilisateurs situ\u00e9s en dehors de l&rsquo;Espace \u00e9conomique europ\u00e9en (EEE), le principe d&rsquo;ad\u00e9quation avec les r\u00e9glementations internationales en mati\u00e8re de protection des donn\u00e9es s&rsquo;applique \u00e9galement. <\/p><hr data-start=\"1404\" data-end=\"1407\"><h3 data-start=\"1409\" data-end=\"1452\">3. Finalit\u00e9 du traitement des donn\u00e9es<\/h3><p data-start=\"1453\" data-end=\"1509\">Vos donn\u00e9es seront trait\u00e9es aux fins suivantes :<\/p><ul data-start=\"1511\" data-end=\"1765\"><li data-start=\"1511\" data-end=\"1560\"><p data-start=\"1513\" data-end=\"1560\">G\u00e9rer les r\u00e9servations ou les demandes d&rsquo;excursions<\/p><\/li><li data-start=\"1561\" data-end=\"1629\"><p data-start=\"1563\" data-end=\"1629\">Envoi d&rsquo;informations touristiques ou promotionnelles (si vous y consentez)<\/p><\/li><li data-start=\"1630\" data-end=\"1693\"><p data-start=\"1632\" data-end=\"1693\">Am\u00e9liorer l&rsquo;exp\u00e9rience de l&rsquo;utilisateur gr\u00e2ce \u00e0 des cookies analytiques<\/p><\/li><li data-start=\"1694\" data-end=\"1765\"><p data-start=\"1696\" data-end=\"1765\">respecter nos obligations l\u00e9gales, fiscales ou administratives.<\/p><\/li><\/ul><hr data-start=\"1767\" data-end=\"1770\"><h3 data-start=\"1772\" data-end=\"1809\">4. L\u00e9gitimation du traitement<\/h3><p data-start=\"1810\" data-end=\"1874\">Les bases juridiques qui l\u00e9gitiment le traitement de vos donn\u00e9es sont les suivantes :<\/p><ul data-start=\"1876\" data-end=\"2106\"><li data-start=\"1876\" data-end=\"1931\"><p data-start=\"1878\" data-end=\"1931\">Consentement de l&rsquo;utilisateur (formulaires et cookies)<\/p><\/li><li data-start=\"1932\" data-end=\"1995\"><p data-start=\"1934\" data-end=\"1995\">Ex\u00e9cution d&rsquo;un contrat (r\u00e9servation d&rsquo;une excursion ou d&rsquo;un service)<\/p><\/li><li data-start=\"1996\" data-end=\"2037\"><p data-start=\"1998\" data-end=\"2037\">Respect des obligations l\u00e9gales<\/p><\/li><li data-start=\"2038\" data-end=\"2106\"><p data-start=\"2040\" data-end=\"2106\">l&rsquo;int\u00e9r\u00eat l\u00e9gitime de Viajes Euroamerica \u00e0 am\u00e9liorer ses services<\/p><\/li><\/ul><hr data-start=\"2108\" data-end=\"2111\"><h3 data-start=\"2113\" data-end=\"2143\">5. Conservation des donn\u00e9es<\/h3><p data-start=\"2144\" data-end=\"2365\">Les donn\u00e9es \u00e0 caract\u00e8re personnel seront conserv\u00e9es aussi longtemps que n\u00e9cessaire pour atteindre les objectifs fix\u00e9s ou aussi longtemps que vous ne r\u00e9voquerez pas votre consentement. Ensuite, elles seront supprim\u00e9es ou rendues anonymes en toute s\u00e9curit\u00e9. <\/p><hr data-start=\"2367\" data-end=\"2370\"><h3 data-start=\"2372\" data-end=\"2427\">6. B\u00e9n\u00e9ficiaires et transferts internationaux<\/h3><p data-start=\"2428\" data-end=\"2463\">Vos donn\u00e9es peuvent \u00eatre communiqu\u00e9es \u00e0 :<\/p><ul data-start=\"2465\" data-end=\"2823\"><li data-start=\"2465\" data-end=\"2534\"><p data-start=\"2467\" data-end=\"2534\">Fournisseurs de technologie (tels que les services d&rsquo;envoi de courrier ou d&rsquo;analyse web)<\/p><\/li><li data-start=\"2535\" data-end=\"2591\"><p data-start=\"2537\" data-end=\"2591\">Autorit\u00e9s administratives si la loi l&rsquo;exige<\/p><\/li><li data-start=\"2592\" data-end=\"2823\"><p data-start=\"2594\" data-end=\"2823\"><strong data-start=\"2594\" data-end=\"2628\">Transferts en dehors de l&rsquo;UE :<\/strong> certains services (tels que Google, Meta, Stripe) peuvent stocker des donn\u00e9es en dehors de l&rsquo;EEE. Dans ces cas, nous prenons des mesures appropri\u00e9es conform\u00e9ment aux clauses types approuv\u00e9es par la Commission europ\u00e9enne. <\/p><\/li><\/ul><hr data-start=\"2825\" data-end=\"2828\"><h3 data-start=\"2830\" data-end=\"2859\">7. Droits de l&rsquo;utilisateur<\/h3><p data-start=\"2860\" data-end=\"2911\">Vous pouvez \u00e0 tout moment exercer vos droits<\/p><ul data-start=\"2913\" data-end=\"3038\"><li data-start=\"2913\" data-end=\"2921\"><p data-start=\"2915\" data-end=\"2921\">Acc\u00e8s<\/p><\/li><li data-start=\"2922\" data-end=\"2937\"><p data-start=\"2924\" data-end=\"2937\">Correction<\/p><\/li><li data-start=\"2938\" data-end=\"2969\"><p data-start=\"2940\" data-end=\"2969\">Suppression (droit \u00e0 l&rsquo;oubli)<\/p><\/li><li data-start=\"2970\" data-end=\"2998\"><p data-start=\"2972\" data-end=\"2998\">Limitation du traitement<\/p><\/li><li data-start=\"2999\" data-end=\"3026\"><p data-start=\"3001\" data-end=\"3026\">Portabilit\u00e9 des donn\u00e9es<\/p><\/li><li data-start=\"3027\" data-end=\"3038\"><p data-start=\"3029\" data-end=\"3038\">Opposition<\/p><\/li><\/ul><p data-start=\"3040\" data-end=\"3253\">Pour les exercer, veuillez envoyer un courriel \u00e0 <strong data-start=\"3081\" data-end=\"3108\"><a class=\"cursor-pointer\" rel=\"noopener\" data-start=\"3083\" data-end=\"3106\">info@vdtexcursiones.com<\/a><\/strong>en indiquant le droit que vous souhaitez exercer. Vous pouvez \u00e9galement d\u00e9poser une plainte aupr\u00e8s de l&rsquo;AEPD<a class=\"cursor-pointer\" target=\"_new\" rel=\"noopener\" data-start=\"3187\" data-end=\"3198\">(www.aepd.es)<\/a> si vous estimez que vos droits n&rsquo;ont pas \u00e9t\u00e9 respect\u00e9s. <\/p><hr data-start=\"3255\" data-end=\"3258\"><h3 data-start=\"3260\" data-end=\"3283\">8. Utilisation de cookies<\/h3><p data-start=\"3284\" data-end=\"3395\">Ce site web utilise ses propres cookies et ceux de tiers \u00e0 des fins analytiques, techniques et de personnalisation.<\/p><h4 data-start=\"3397\" data-end=\"3431\">Quels types de cookies utilisons-nous ?<\/h4><div class=\"_tableContainer_16hzy_1\"><div class=\"_tableWrapper_16hzy_14 group flex w-fit flex-col-reverse\" tabindex=\"-1\"><table class=\"w-fit min-w-(--thread-content-width)\" data-start=\"3433\" data-end=\"3847\"><thead data-start=\"3433\" data-end=\"3515\"><tr data-start=\"3433\" data-end=\"3515\"><th data-start=\"3433\" data-end=\"3456\" data-col-size=\"sm\">Type de cookie<\/th><th data-start=\"3456\" data-end=\"3515\" data-col-size=\"md\">Objectif<\/th><\/tr><\/thead><tbody data-start=\"3599\" data-end=\"3847\"><tr data-start=\"3599\" data-end=\"3681\"><td data-start=\"3599\" data-end=\"3622\" data-col-size=\"sm\">Techniques<\/td><td data-col-size=\"md\" data-start=\"3622\" data-end=\"3681\">Navigation et fonctionnement du site<\/td><\/tr><tr data-start=\"3682\" data-end=\"3764\"><td data-start=\"3682\" data-end=\"3705\" data-col-size=\"sm\">Analyse<\/td><td data-col-size=\"md\" data-start=\"3705\" data-end=\"3764\">Mesure et analyse de la navigation (Google Analytics)<\/td><\/tr><tr data-start=\"3765\" data-end=\"3847\"><td data-start=\"3765\" data-end=\"3788\" data-col-size=\"sm\">Publicit\u00e9<\/td><td data-col-size=\"md\" data-start=\"3788\" data-end=\"3847\">Personnalisation des annonces (Google, Meta)<\/td><\/tr><\/tbody><\/table><div class=\"sticky end-(--thread-content-margin) h-0 self-end select-none\"><div class=\"absolute end-0 flex items-end\"> <\/div><\/div><\/div><\/div><p data-start=\"3849\" data-end=\"4037\">Lorsque vous vous connectez pour la premi\u00e8re fois, nous vous demandons votre consentement par le biais d&rsquo;une banni\u00e8re de cookies. Vous pouvez modifier votre consentement ou d\u00e9sactiver les cookies dans les param\u00e8tres de votre navigateur. <\/p><p data-start=\"4039\" data-end=\"4147\">Pour plus d&rsquo;informations, consultez notre <a class=\"\" href=\"#\" rel=\"noopener\" data-start=\"4066\" data-end=\"4100\">politique d\u00e9taill\u00e9e en mati\u00e8re de cookies.<\/a> <\/p><hr data-start=\"4149\" data-end=\"4152\"><h3 data-start=\"4154\" data-end=\"4190\">9. S\u00e9curit\u00e9 de l&rsquo;information<\/h3><p data-start=\"4191\" data-end=\"4386\">Nous utilisons un syst\u00e8me de cryptage (SSL) et des protocoles puissants pour prot\u00e9ger vos informations personnelles. Toutefois, vous devez savoir qu&rsquo;aucune transmission par Internet n&rsquo;est s\u00fbre \u00e0 100 %. <\/p><hr data-start=\"4388\" data-end=\"4391\"><h3 data-start=\"4393\" data-end=\"4427\">10. Modifications de la pr\u00e9sente politique<\/h3><p data-start=\"4428\" data-end=\"4602\">Nous nous r\u00e9servons le droit de modifier cette politique pour l&rsquo;adapter aux futures mises \u00e0 jour juridiques ou technologiques. Nous vous conseillons de consulter r\u00e9guli\u00e8rement cette section. <\/p>\t\t\t\t\t\t\t\t<\/div>\n\t\t\t\t<\/div>\n\t\t\t\t\t<\/div>\n\t\t<\/div>\n\t\t\t\t\t<\/div>\n\t\t<\/section>\n\t\t\t\t\t<\/div>\n\t\t<\/div>\n\t\t\t\t\t<\/div>\n\t\t<\/section>\n\t\t\t\t<\/div>\n\t\t","protected":false},"excerpt":{"rendered":"<p>Avis juridique Titular del sitio web:Visites et circuits quotidiens.CIF\/NIF : A79151726Si\u00e8ge social : Av. Carlota Alessandri, 110, 29620 Torremolinos (M\u00e1laga), Espagne Adresse \u00e9lectronique de contact : info@vdtexcursiones.comNum\u00e9ro de t\u00e9l\u00e9phone de contact : 952 375 525Domaine : www.visitdailytours.com 1) Objet et champ d&rsquo;application Ce site a pour objet la promotion, la r\u00e9servation et la vente d&rsquo;excursions [&hellip;]<\/p>\n","protected":false},"author":2,"featured_media":0,"parent":0,"menu_order":0,"comment_status":"closed","ping_status":"closed","template":"","meta":{"om_disable_all_campaigns":false,"_monsterinsights_skip_tracking":false,"_monsterinsights_sitenote_active":false,"_monsterinsights_sitenote_note":"","_monsterinsights_sitenote_category":0,"footnotes":""},"class_list":["post-2414","page","type-page","status-publish","hentry"],"aioseo_notices":[],"_links":{"self":[{"href":"https:\/\/visitdailytours.com\/fr\/wp-json\/wp\/v2\/pages\/2414","targetHints":{"allow":["GET"]}}],"collection":[{"href":"https:\/\/visitdailytours.com\/fr\/wp-json\/wp\/v2\/pages"}],"about":[{"href":"https:\/\/visitdailytours.com\/fr\/wp-json\/wp\/v2\/types\/page"}],"author":[{"embeddable":true,"href":"https:\/\/visitdailytours.com\/fr\/wp-json\/wp\/v2\/users\/2"}],"replies":[{"embeddable":true,"href":"https:\/\/visitdailytours.com\/fr\/wp-json\/wp\/v2\/comments?post=2414"}],"version-history":[{"count":5,"href":"https:\/\/visitdailytours.com\/fr\/wp-json\/wp\/v2\/pages\/2414\/revisions"}],"predecessor-version":[{"id":3288,"href":"https:\/\/visitdailytours.com\/fr\/wp-json\/wp\/v2\/pages\/2414\/revisions\/3288"}],"wp:attachment":[{"href":"https:\/\/visitdailytours.com\/fr\/wp-json\/wp\/v2\/media?parent=2414"}],"curies":[{"name":"wp","href":"https:\/\/api.w.org\/{rel}","templated":true}]}}