{"id":2363,"date":"2021-02-15T11:36:50","date_gmt":"2021-02-15T11:36:50","guid":{"rendered":"https:\/\/visitdailytours.com\/a-propos-de-nous"},"modified":"2024-01-24T10:14:44","modified_gmt":"2024-01-24T10:14:44","slug":"a-propos-de-nous","status":"publish","type":"page","link":"https:\/\/visitdailytours.com\/fr\/a-propos-de-nous","title":{"rendered":"A propos de nous"},"content":{"rendered":"\t\t<div data-elementor-type=\"wp-page\" data-elementor-id=\"2363\" class=\"elementor elementor-2363 elementor-1386\">\n\t\t\t\t\t\t<section class=\"elementor-section elementor-top-section elementor-element elementor-element-62571215 elementor-section-boxed elementor-section-height-default elementor-section-height-default\" data-id=\"62571215\" data-element_type=\"section\" data-settings=\"{&quot;background_background&quot;:&quot;classic&quot;}\">\n\t\t\t\t\t\t\t<div class=\"elementor-background-overlay\"><\/div>\n\t\t\t\t\t\t\t<div class=\"elementor-container elementor-column-gap-default\">\n\t\t\t\t\t<div class=\"elementor-column elementor-col-100 elementor-top-column elementor-element elementor-element-50893b1\" data-id=\"50893b1\" data-element_type=\"column\">\n\t\t\t<div class=\"elementor-widget-wrap elementor-element-populated\">\n\t\t\t\t\t\t<section class=\"elementor-section elementor-inner-section elementor-element elementor-element-b041853 elementor-section-boxed elementor-section-height-default elementor-section-height-default\" data-id=\"b041853\" data-element_type=\"section\">\n\t\t\t\t\t\t<div class=\"elementor-container elementor-column-gap-default\">\n\t\t\t\t\t<div class=\"elementor-column elementor-col-100 elementor-inner-column elementor-element elementor-element-34740bc7\" data-id=\"34740bc7\" data-element_type=\"column\" data-settings=\"{&quot;background_background&quot;:&quot;classic&quot;}\">\n\t\t\t<div class=\"elementor-widget-wrap elementor-element-populated\">\n\t\t\t\t\t\t<div class=\"elementor-element elementor-element-7e22f24d elementor-widget elementor-widget-heading\" data-id=\"7e22f24d\" data-element_type=\"widget\" data-widget_type=\"heading.default\">\n\t\t\t\t<div class=\"elementor-widget-container\">\n\t\t\t\t\t<h2 class=\"elementor-heading-title elementor-size-default\">A propos de nous<\/h2>\t\t\t\t<\/div>\n\t\t\t\t<\/div>\n\t\t\t\t<div class=\"elementor-element elementor-element-481a378a elementor-widget-divider--view-line elementor-widget elementor-widget-divider\" data-id=\"481a378a\" data-element_type=\"widget\" data-widget_type=\"divider.default\">\n\t\t\t\t<div class=\"elementor-widget-container\">\n\t\t\t\t\t\t\t<div class=\"elementor-divider\">\n\t\t\t<span class=\"elementor-divider-separator\">\n\t\t\t\t\t\t<\/span>\n\t\t<\/div>\n\t\t\t\t\t\t<\/div>\n\t\t\t\t<\/div>\n\t\t\t\t\t<\/div>\n\t\t<\/div>\n\t\t\t\t\t<\/div>\n\t\t<\/section>\n\t\t\t\t\t<\/div>\n\t\t<\/div>\n\t\t\t\t\t<\/div>\n\t\t<\/section>\n\t\t\t\t<section class=\"elementor-section elementor-top-section elementor-element elementor-element-ba88d90 elementor-section-content-middle elementor-section-boxed elementor-section-height-default elementor-section-height-default\" data-id=\"ba88d90\" data-element_type=\"section\" data-settings=\"{&quot;background_background&quot;:&quot;classic&quot;}\">\n\t\t\t\t\t\t<div class=\"elementor-container elementor-column-gap-default\">\n\t\t\t\t\t<div class=\"elementor-column elementor-col-50 elementor-top-column elementor-element elementor-element-6f13fd9\" data-id=\"6f13fd9\" data-element_type=\"column\">\n\t\t\t<div class=\"elementor-widget-wrap elementor-element-populated\">\n\t\t\t\t\t\t<div class=\"elementor-element elementor-element-1b0bfd9 elementor-widget elementor-widget-image\" data-id=\"1b0bfd9\" data-element_type=\"widget\" data-widget_type=\"image.default\">\n\t\t\t\t<div class=\"elementor-widget-container\">\n\t\t\t\t\t\t\t\t\t\t\t\t\t\t\t<img fetchpriority=\"high\" decoding=\"async\" width=\"2024\" height=\"1080\" src=\"https:\/\/visitdailytours.com\/wp-content\/uploads\/2020\/12\/sevilla.jpg\" class=\"attachment-full size-full wp-image-2157\" alt=\"\" srcset=\"https:\/\/visitdailytours.com\/wp-content\/uploads\/2020\/12\/sevilla.jpg 2024w, https:\/\/visitdailytours.com\/wp-content\/uploads\/2020\/12\/sevilla-1024x546.jpg 1024w, https:\/\/visitdailytours.com\/wp-content\/uploads\/2020\/12\/sevilla-768x410.jpg 768w, https:\/\/visitdailytours.com\/wp-content\/uploads\/2020\/12\/sevilla-1536x820.jpg 1536w\" sizes=\"(max-width: 2024px) 100vw, 2024px\" \/>\t\t\t\t\t\t\t\t\t\t\t\t\t\t\t<\/div>\n\t\t\t\t<\/div>\n\t\t\t\t<div class=\"elementor-element elementor-element-44c7926 elementor-widget__width-initial elementor-absolute elementor-widget-mobile__width-initial elementor-widget elementor-widget-image\" data-id=\"44c7926\" data-element_type=\"widget\" data-settings=\"{&quot;_position&quot;:&quot;absolute&quot;}\" data-widget_type=\"image.default\">\n\t\t\t\t<div class=\"elementor-widget-container\">\n\t\t\t\t\t\t\t\t\t\t\t\t\t\t\t<img decoding=\"async\" width=\"300\" height=\"300\" src=\"https:\/\/visitdailytours.com\/wp-content\/uploads\/2020\/12\/turistas-300x300.jpg\" class=\"attachment-medium size-medium wp-image-2161\" alt=\"\" srcset=\"https:\/\/visitdailytours.com\/wp-content\/uploads\/2020\/12\/turistas-300x300.jpg 300w, https:\/\/visitdailytours.com\/wp-content\/uploads\/2020\/12\/turistas-150x150.jpg 150w\" sizes=\"(max-width: 300px) 100vw, 300px\" \/>\t\t\t\t\t\t\t\t\t\t\t\t\t\t\t<\/div>\n\t\t\t\t<\/div>\n\t\t\t\t\t<\/div>\n\t\t<\/div>\n\t\t\t\t<div class=\"elementor-column elementor-col-50 elementor-top-column elementor-element elementor-element-d2b3ab1\" data-id=\"d2b3ab1\" data-element_type=\"column\">\n\t\t\t<div class=\"elementor-widget-wrap elementor-element-populated\">\n\t\t\t\t\t\t<div class=\"elementor-element elementor-element-53828a5 elementor-widget elementor-widget-text-editor\" data-id=\"53828a5\" data-element_type=\"widget\" data-widget_type=\"text-editor.default\">\n\t\t\t\t<div class=\"elementor-widget-container\">\n\t\t\t\t\t\t\t\t\t<p><span data-contrast=\"auto\"><strong>VISIT &amp; DAILY TOURS<\/strong> a \u00e9t\u00e9<\/span><span data-contrast=\"auto\"> cr\u00e9\u00e9<\/span><span data-contrast=\"auto\"> \u00e0<\/span><span data-contrast=\"auto\"> 2005 en tant que marque commerciale du groupe Viajes Euroamerica<\/span> <span data-contrast=\"auto\">et<\/span> <span data-contrast=\"auto\">agit<\/span><span data-contrast=\"auto\"> en tant que grossiste<\/span><span data-contrast=\"auto\">\/minoriste<\/span><span data-contrast=\"auto\"> pour les march\u00e9s nationaux et internationaux. L&rsquo;\u00e9volution constante du march\u00e9 du tourisme, les changements de pr\u00e9f\u00e9rences et les changements d&rsquo;habitudes des touristes sont autant de facteurs qui influencent le march\u00e9 du tourisme.<\/span><span data-contrast=\"auto\">Les exigences de nos clients<\/span><span data-contrast=\"auto\"> nous ont permis de nous adapter aux besoins et aux attentes avec rapidit\u00e9 et efficacit\u00e9 et nous sommes aujourd&rsquo;hui leader dans notre secteur. <\/span> <span data-ccp-props=\"{\"> <\/span><\/p>\n<p><span data-contrast=\"auto\">Notre soci\u00e9t\u00e9 <\/span><span data-contrast=\"auto\">est<\/span><span data-contrast=\"auto\"> f<\/span><span data-contrast=\"auto\">orm\u00e9e d&rsquo;une \u00e9quipe de professionnels ayant plus de 30 ans d&rsquo;exp\u00e9rience dans le secteur <\/span><span data-contrast=\"auto\">et<\/span><span data-contrast=\"auto\"> est sp\u00e9cialis\u00e9e <\/span><span data-contrast=\"auto\">dans<\/span> <span data-contrast=\"auto\">l&rsquo;organisation<\/span><span data-contrast=\"auto\"> et l&rsquo;exploitation d&rsquo;un programme d&rsquo;excursions et de circuits radiaux en Espagne, au Maroc et au Portugal <\/span><span data-contrast=\"auto\">avec des bureaux \u00e0 Madrid, \u00e0 Barcelone et \u00e0 la Costa del Sol.<\/span><span data-contrast=\"auto\"> <\/span><span data-ccp-props=\"{\"> <\/span><\/p>\n<p><span data-contrast=\"auto\">Nous continuons \u00e0 croitre <\/span><span data-contrast=\"auto\">chaque jour<\/span><span data-contrast=\"auto\"> et<\/span><span data-contrast=\"auto\"> nous nous effor\u00e7ons de nous am\u00e9liorer dans tous les domaines <\/span><span data-contrast=\"auto\">afin de fournir un excellent service \u00e0 nos clients<\/span><span data-contrast=\"auto\">. <\/span> <span data-ccp-props=\"{\"> <\/span><\/p>\n<p><span data-contrast=\"auto\">N<\/span><span data-contrast=\"auto\">ous offrons tous nos produits<\/span><span data-contrast=\"auto\"> par le biais d&rsquo;internet. Dans les r\u00e9seaux <\/span><span data-contrast=\"auto\">sociaux, vous pouvez<\/span><span data-contrast=\"auto\"> nous suivre et<\/span><span data-contrast=\"auto\"> obtenir des informations ou<\/span><span data-contrast=\"auto\"> r\u00e9server via <\/span><span data-contrast=\"auto\">les diff\u00e9rentes applications<\/span><span data-contrast=\"auto\">.<\/span><span data-ccp-props=\"{\"> <\/span><\/p>\n<p><span data-ccp-props=\"{\"> <\/span><\/p>\n<p><span data-contrast=\"auto\">Merci d&rsquo;utiliser nos services&#8230;<\/span><\/p>\n\t\t\t\t\t\t\t\t<\/div>\n\t\t\t\t<\/div>\n\t\t\t\t\t<\/div>\n\t\t<\/div>\n\t\t\t\t\t<\/div>\n\t\t<\/section>\n\t\t\t\t<section class=\"elementor-section elementor-top-section elementor-element elementor-element-55078c80 elementor-section-boxed elementor-section-height-default elementor-section-height-default\" data-id=\"55078c80\" data-element_type=\"section\" data-settings=\"{&quot;background_background&quot;:&quot;classic&quot;}\">\n\t\t\t\t\t\t\t<div class=\"elementor-background-overlay\"><\/div>\n\t\t\t\t\t\t\t<div class=\"elementor-container elementor-column-gap-no\">\n\t\t\t\t\t<div class=\"elementor-column elementor-col-100 elementor-top-column elementor-element elementor-element-5f68b5f2\" data-id=\"5f68b5f2\" data-element_type=\"column\">\n\t\t\t<div class=\"elementor-widget-wrap elementor-element-populated\">\n\t\t\t\t\t\t<div class=\"elementor-element elementor-element-6fff3e77 elementor-widget elementor-widget-heading\" data-id=\"6fff3e77\" data-element_type=\"widget\" data-widget_type=\"heading.default\">\n\t\t\t\t<div class=\"elementor-widget-container\">\n\t\t\t\t\t<h2 class=\"elementor-heading-title elementor-size-default\">Nos excursions<\/h2>\t\t\t\t<\/div>\n\t\t\t\t<\/div>\n\t\t\t\t<div class=\"elementor-element elementor-element-6c481322 elementor-widget-divider--view-line elementor-widget elementor-widget-divider\" data-id=\"6c481322\" data-element_type=\"widget\" data-widget_type=\"divider.default\">\n\t\t\t\t<div class=\"elementor-widget-container\">\n\t\t\t\t\t\t\t<div class=\"elementor-divider\">\n\t\t\t<span class=\"elementor-divider-separator\">\n\t\t\t\t\t\t<\/span>\n\t\t<\/div>\n\t\t\t\t\t\t<\/div>\n\t\t\t\t<\/div>\n\t\t\t\t<div class=\"elementor-element elementor-element-59699610 elementor-widget elementor-widget-spacer\" data-id=\"59699610\" data-element_type=\"widget\" data-widget_type=\"spacer.default\">\n\t\t\t\t<div class=\"elementor-widget-container\">\n\t\t\t\t\t\t\t<div class=\"elementor-spacer\">\n\t\t\t<div class=\"elementor-spacer-inner\"><\/div>\n\t\t<\/div>\n\t\t\t\t\t\t<\/div>\n\t\t\t\t<\/div>\n\t\t\t\t<section class=\"elementor-section elementor-inner-section elementor-element elementor-element-36c8ea7d elementor-section-boxed elementor-section-height-default elementor-section-height-default\" data-id=\"36c8ea7d\" data-element_type=\"section\">\n\t\t\t\t\t\t<div class=\"elementor-container elementor-column-gap-default\">\n\t\t\t\t\t<div class=\"elementor-column elementor-col-33 elementor-inner-column elementor-element elementor-element-421e2c10\" data-id=\"421e2c10\" data-element_type=\"column\" data-settings=\"{&quot;background_background&quot;:&quot;classic&quot;}\">\n\t\t\t<div class=\"elementor-widget-wrap elementor-element-populated\">\n\t\t\t\t\t<div class=\"elementor-background-overlay\"><\/div>\n\t\t\t\t\t\t<div class=\"elementor-element elementor-element-31b3027d elementor-widget elementor-widget-spacer\" data-id=\"31b3027d\" data-element_type=\"widget\" data-widget_type=\"spacer.default\">\n\t\t\t\t<div class=\"elementor-widget-container\">\n\t\t\t\t\t\t\t<div class=\"elementor-spacer\">\n\t\t\t<div class=\"elementor-spacer-inner\"><\/div>\n\t\t<\/div>\n\t\t\t\t\t\t<\/div>\n\t\t\t\t<\/div>\n\t\t\t\t<div class=\"elementor-element elementor-element-3c89997e elementor-widget elementor-widget-heading\" data-id=\"3c89997e\" data-element_type=\"widget\" data-widget_type=\"heading.default\">\n\t\t\t\t<div class=\"elementor-widget-container\">\n\t\t\t\t\t<h3 class=\"elementor-heading-title elementor-size-default\">S\u00e9ville<\/h3>\t\t\t\t<\/div>\n\t\t\t\t<\/div>\n\t\t\t\t<div class=\"elementor-element elementor-element-26b1553b elementor-mobile-align-justify elementor-align-left elementor-widget elementor-widget-button\" data-id=\"26b1553b\" data-element_type=\"widget\" data-widget_type=\"button.default\">\n\t\t\t\t<div class=\"elementor-widget-container\">\n\t\t\t\t\t\t\t\t\t<div class=\"elementor-button-wrapper\">\n\t\t\t\t\t<a class=\"elementor-button elementor-button-link elementor-size-sm\" href=\"https:\/\/visitdailytours.com\/fr?page_id=2314\">\n\t\t\t\t\t\t<span class=\"elementor-button-content-wrapper\">\n\t\t\t\t\t\t\t\t\t<span class=\"elementor-button-text\">+ D'INFOS<\/span>\n\t\t\t\t\t<\/span>\n\t\t\t\t\t<\/a>\n\t\t\t\t<\/div>\n\t\t\t\t\t\t\t\t<\/div>\n\t\t\t\t<\/div>\n\t\t\t\t\t<\/div>\n\t\t<\/div>\n\t\t\t\t<div class=\"elementor-column elementor-col-33 elementor-inner-column elementor-element elementor-element-2662352d\" data-id=\"2662352d\" data-element_type=\"column\" data-settings=\"{&quot;background_background&quot;:&quot;classic&quot;}\">\n\t\t\t<div class=\"elementor-widget-wrap elementor-element-populated\">\n\t\t\t\t\t<div class=\"elementor-background-overlay\"><\/div>\n\t\t\t\t\t\t<div class=\"elementor-element elementor-element-159f3d24 elementor-widget elementor-widget-spacer\" data-id=\"159f3d24\" data-element_type=\"widget\" data-widget_type=\"spacer.default\">\n\t\t\t\t<div class=\"elementor-widget-container\">\n\t\t\t\t\t\t\t<div class=\"elementor-spacer\">\n\t\t\t<div class=\"elementor-spacer-inner\"><\/div>\n\t\t<\/div>\n\t\t\t\t\t\t<\/div>\n\t\t\t\t<\/div>\n\t\t\t\t<div class=\"elementor-element elementor-element-6163c06 elementor-widget elementor-widget-heading\" data-id=\"6163c06\" data-element_type=\"widget\" data-widget_type=\"heading.default\">\n\t\t\t\t<div class=\"elementor-widget-container\">\n\t\t\t\t\t<h3 class=\"elementor-heading-title elementor-size-default\">Grenade<\/h3>\t\t\t\t<\/div>\n\t\t\t\t<\/div>\n\t\t\t\t<div class=\"elementor-element elementor-element-5830f062 elementor-mobile-align-justify elementor-align-left elementor-widget elementor-widget-button\" data-id=\"5830f062\" data-element_type=\"widget\" data-widget_type=\"button.default\">\n\t\t\t\t<div class=\"elementor-widget-container\">\n\t\t\t\t\t\t\t\t\t<div class=\"elementor-button-wrapper\">\n\t\t\t\t\t<a class=\"elementor-button elementor-button-link elementor-size-sm\" href=\"https:\/\/visitdailytours.com\/fr?page_id=2314\">\n\t\t\t\t\t\t<span class=\"elementor-button-content-wrapper\">\n\t\t\t\t\t\t\t\t\t<span class=\"elementor-button-text\">+ D'INFOS<\/span>\n\t\t\t\t\t<\/span>\n\t\t\t\t\t<\/a>\n\t\t\t\t<\/div>\n\t\t\t\t\t\t\t\t<\/div>\n\t\t\t\t<\/div>\n\t\t\t\t\t<\/div>\n\t\t<\/div>\n\t\t\t\t<div class=\"elementor-column elementor-col-33 elementor-inner-column elementor-element elementor-element-6ddeff0d\" data-id=\"6ddeff0d\" data-element_type=\"column\" data-settings=\"{&quot;background_background&quot;:&quot;classic&quot;}\">\n\t\t\t<div class=\"elementor-widget-wrap elementor-element-populated\">\n\t\t\t\t\t<div class=\"elementor-background-overlay\"><\/div>\n\t\t\t\t\t\t<div class=\"elementor-element elementor-element-6b331620 elementor-widget elementor-widget-spacer\" data-id=\"6b331620\" data-element_type=\"widget\" data-widget_type=\"spacer.default\">\n\t\t\t\t<div class=\"elementor-widget-container\">\n\t\t\t\t\t\t\t<div class=\"elementor-spacer\">\n\t\t\t<div class=\"elementor-spacer-inner\"><\/div>\n\t\t<\/div>\n\t\t\t\t\t\t<\/div>\n\t\t\t\t<\/div>\n\t\t\t\t<div class=\"elementor-element elementor-element-28d7fd63 elementor-widget elementor-widget-heading\" data-id=\"28d7fd63\" data-element_type=\"widget\" data-widget_type=\"heading.default\">\n\t\t\t\t<div class=\"elementor-widget-container\">\n\t\t\t\t\t<h3 class=\"elementor-heading-title elementor-size-default\">S\u00e9ville<\/h3>\t\t\t\t<\/div>\n\t\t\t\t<\/div>\n\t\t\t\t<div class=\"elementor-element elementor-element-7ea100 elementor-mobile-align-justify elementor-align-left elementor-widget elementor-widget-button\" data-id=\"7ea100\" data-element_type=\"widget\" data-widget_type=\"button.default\">\n\t\t\t\t<div class=\"elementor-widget-container\">\n\t\t\t\t\t\t\t\t\t<div class=\"elementor-button-wrapper\">\n\t\t\t\t\t<a class=\"elementor-button elementor-button-link elementor-size-sm\" href=\"https:\/\/visitdailytours.com\/fr?page_id=2314\">\n\t\t\t\t\t\t<span class=\"elementor-button-content-wrapper\">\n\t\t\t\t\t\t\t\t\t<span class=\"elementor-button-text\">+ D'INFOS<\/span>\n\t\t\t\t\t<\/span>\n\t\t\t\t\t<\/a>\n\t\t\t\t<\/div>\n\t\t\t\t\t\t\t\t<\/div>\n\t\t\t\t<\/div>\n\t\t\t\t\t<\/div>\n\t\t<\/div>\n\t\t\t\t\t<\/div>\n\t\t<\/section>\n\t\t\t\t<div class=\"elementor-element elementor-element-6639714 elementor-widget elementor-widget-spacer\" data-id=\"6639714\" data-element_type=\"widget\" data-widget_type=\"spacer.default\">\n\t\t\t\t<div class=\"elementor-widget-container\">\n\t\t\t\t\t\t\t<div class=\"elementor-spacer\">\n\t\t\t<div class=\"elementor-spacer-inner\"><\/div>\n\t\t<\/div>\n\t\t\t\t\t\t<\/div>\n\t\t\t\t<\/div>\n\t\t\t\t<div class=\"elementor-element elementor-element-25077a48 elementor-mobile-align-justify elementor-align-center elementor-widget elementor-widget-button\" data-id=\"25077a48\" data-element_type=\"widget\" data-widget_type=\"button.default\">\n\t\t\t\t<div class=\"elementor-widget-container\">\n\t\t\t\t\t\t\t\t\t<div class=\"elementor-button-wrapper\">\n\t\t\t\t\t<a class=\"elementor-button elementor-button-link elementor-size-sm\" href=\"#\">\n\t\t\t\t\t\t<span class=\"elementor-button-content-wrapper\">\n\t\t\t\t\t\t\t\t\t<span class=\"elementor-button-text\">EN SAVOIR PLUS<\/span>\n\t\t\t\t\t<\/span>\n\t\t\t\t\t<\/a>\n\t\t\t\t<\/div>\n\t\t\t\t\t\t\t\t<\/div>\n\t\t\t\t<\/div>\n\t\t\t\t\t<\/div>\n\t\t<\/div>\n\t\t\t\t\t<\/div>\n\t\t<\/section>\n\t\t\t\t<\/div>\n\t\t","protected":false},"excerpt":{"rendered":"<p>A propos de nous VISIT &amp; DAILY TOURS a \u00e9t\u00e9 cr\u00e9\u00e9&nbsp;&nbsp; \u00e0&nbsp;en 2005 en tant que marque commerciale du groupe Viajes&nbsp;Euroamerica&nbsp;et&nbsp;agit&nbsp;en tant qu&rsquo;agence de vente en gros\/au d\u00e9tail&nbsp;pour les march\u00e9s nationaux et internationaux. L&rsquo;\u00e9volution constante du march\u00e9 du tourisme et les pr\u00e9f\u00e9rences et demandes changeantes de nos clients&nbsp;nous ont permis de nous adapter rapidement et [&hellip;]<\/p>\n","protected":false},"author":2,"featured_media":0,"parent":0,"menu_order":0,"comment_status":"closed","ping_status":"closed","template":"elementor_canvas","meta":{"om_disable_all_campaigns":false,"_monsterinsights_skip_tracking":false,"_monsterinsights_sitenote_active":false,"_monsterinsights_sitenote_note":"","_monsterinsights_sitenote_category":0,"footnotes":""},"class_list":["post-2363","page","type-page","status-publish","hentry"],"aioseo_notices":[],"_links":{"self":[{"href":"https:\/\/visitdailytours.com\/fr\/wp-json\/wp\/v2\/pages\/2363","targetHints":{"allow":["GET"]}}],"collection":[{"href":"https:\/\/visitdailytours.com\/fr\/wp-json\/wp\/v2\/pages"}],"about":[{"href":"https:\/\/visitdailytours.com\/fr\/wp-json\/wp\/v2\/types\/page"}],"author":[{"embeddable":true,"href":"https:\/\/visitdailytours.com\/fr\/wp-json\/wp\/v2\/users\/2"}],"replies":[{"embeddable":true,"href":"https:\/\/visitdailytours.com\/fr\/wp-json\/wp\/v2\/comments?post=2363"}],"version-history":[{"count":18,"href":"https:\/\/visitdailytours.com\/fr\/wp-json\/wp\/v2\/pages\/2363\/revisions"}],"predecessor-version":[{"id":2603,"href":"https:\/\/visitdailytours.com\/fr\/wp-json\/wp\/v2\/pages\/2363\/revisions\/2603"}],"wp:attachment":[{"href":"https:\/\/visitdailytours.com\/fr\/wp-json\/wp\/v2\/media?parent=2363"}],"curies":[{"name":"wp","href":"https:\/\/api.w.org\/{rel}","templated":true}]}}